{"id":14,"date":"2011-07-14T19:47:05","date_gmt":"2011-07-14T19:47:05","guid":{"rendered":"https:\/\/dojute.pt\/web\/contacts\/"},"modified":"2019-01-11T08:51:39","modified_gmt":"2019-01-11T08:51:39","slug":"contactos","status":"publish","type":"page","link":"https:\/\/dojute.pt\/web\/contactos\/","title":{"rendered":"Contactos"},"content":{"rendered":"<div class=\"row \">\n<div class=\"span12 \"><h2>Informa\u00e7\u00e3o de Contacto<\/h2>\n<h5>N\u00e3o adie mais a concretiza\u00e7\u00e3o do seu sonho<\/h5>\n<p>Estamos \u00e0 sua espera de segunda \u00e0 sexta no nosso gabinete, entre as 09:00 e as 19:00.<br \/>\nVisite-nos ou contacte-nos!<br \/>\n<address>\n<strong>Dojute - Constru\u00e7\u00e3o, Lda.<br \/>\nAv do Vale, n\u00ba635 Bloco 3 - Loja B<br \/>\n3700-295 S\u00e3o Jo\u00e3o da Madeira<\/strong><br \/>\nTelem\u00f3vel: <a href=\"tel:+351914983337\">+351 914 983 337<\/a><br \/>\nTelefone: <a href=\"tel:+351256817294\">+351 256 817 294<\/a><br \/>\nE-mail: <a href=\"mailto:geral@dojute.pt\">geral@dojute.pt<\/a><br \/>\n<\/address><!-- address (end) --><\/div>\n<div class=\"span8 \"><h2>Localiz\u00e7\u00e3o<\/h2>\n\t\t\t\t<input type=\"hidden\" id=\"wp_mapbox_gl_js_wordpress_url\" value='https:\/\/dojute.pt\/web' \/>\n\t\t\t\t<input type=\"hidden\" id=\"wp_mapbox_gl_js_plugin_url\" value='https:\/\/dojute.pt\/web\/wp-content\/plugins' \/>\n\t\t\t\t<div\n\t\t\t\t\tid='wp_mapbox_gl_js_map-1487675502'\n\t\t\t\t\tstyle='height:400px;width:100%'\n\t\t\t\t\tdata-center='-8.4845205737865,40.904101192233'\n\t\t\t\t\tdata-zoom='14.703961837475'\n\t\t\t\t\tdata-scroll-zoom='null'\n\t\t\t\t\tdata-pitch='0'\n\t\t\t\t\tdata-bearing='-8.0000000000011'\n\t\t\t\t\tdata-style='mapbox:\/\/styles\/mapbox\/light-v9'\n\t\t\t\t\tdata-controls='{\"navigation\":true,\"geocoder\":false,\"fullscreen\":false,\"scale\":false,\"directions\":false}'\n\t\t\t\t\tdata-mapdata='[{&quot;id&quot;:&quot;b249f66845f42b1f6a80b578e57e2a8c&quot;,&quot;type&quot;:&quot;Feature&quot;,&quot;properties&quot;:{&quot;name&quot;:&quot;&quot;,&quot;description&quot;:&quot;&lt;p&gt;&lt;img class=\\&quot;aligncenter wp-image-2004 size-full\\&quot; src=\\&quot;https:\\\/\\\/dojute.pt\\\/web\\\/wp-content\\\/uploads\\\/2018\\\/10\\\/logoweb.png\\&quot; alt=\\&quot;Dojute\\&quot; width=\\&quot;229\\&quot; height=\\&quot;63\\&quot; data-mce-src=\\&quot;https:\\\/\\\/dojute.pt\\\/web\\\/wp-content\\\/uploads\\\/2018\\\/10\\\/logoweb.png\\&quot;&gt;&lt;\\\/p&gt;&quot;,&quot;marker_title&quot;:&quot;Marker&quot;,&quot;popup_open&quot;:true,&quot;color&quot;:&quot;#333&quot;,&quot;marker_icon_url&quot;:&quot;black_default.png&quot;},&quot;geometry&quot;:{&quot;coordinates&quot;:[-8.484613707946636,40.902178815816626],&quot;type&quot;:&quot;Point&quot;}}]'\n\t\t\t\t\tdata-token='pk.eyJ1IjoiZG9qdXRlIiwiYSI6ImNqcmc3czBhbDEyb2s0YXJ6dXF5Yjh5Z3gifQ.J2Ek7MJ2xTaDEFMOxu0e6w'\n\t\t\t\t\tdata-map-categories='null'\n\t\t\t\t\tdata-map-origin='null'\n\t\t\t\t\tdata-map-destination='null'\n\t\t\t\t\tdata-map-layers-filter='null'\n\t\t\t\t\tclass=\"wp-mapbox-gl-js-map\" ><\/div>\n\t\t\t<\/div>\n<div class=\"span4 \"><h2>Contate-nos<\/h2>\n<div role=\"form\" class=\"wpcf7\" id=\"wpcf7-f2012-o1\" lang=\"pt-PT\" dir=\"ltr\">\n<div class=\"screen-reader-response\"><\/div>\n<form action=\"\/web\/wp-json\/wp\/v2\/pages\/14#wpcf7-f2012-o1\" method=\"post\" class=\"wpcf7-form\" novalidate=\"novalidate\">\n<div style=\"display: none;\">\n<input type=\"hidden\" name=\"_wpcf7\" value=\"2012\" \/>\n<input type=\"hidden\" name=\"_wpcf7_version\" value=\"5.1.4\" \/>\n<input type=\"hidden\" name=\"_wpcf7_locale\" value=\"pt_PT\" \/>\n<input type=\"hidden\" name=\"_wpcf7_unit_tag\" value=\"wpcf7-f2012-o1\" \/>\n<input type=\"hidden\" name=\"_wpcf7_container_post\" value=\"0\" \/>\n<\/div>\n<p><label> O seu nome (obrigat\u00f3rio)<br \/>\n    <span class=\"wpcf7-form-control-wrap your-name\"><input type=\"text\" name=\"your-name\" value=\"\" size=\"40\" class=\"wpcf7-form-control wpcf7-text wpcf7-validates-as-required\" aria-required=\"true\" aria-invalid=\"false\" \/><\/span> <\/label><\/p>\n<p><label> O seu email (obrigat\u00f3rio)<br \/>\n    <span class=\"wpcf7-form-control-wrap your-email\"><input type=\"email\" name=\"your-email\" value=\"\" size=\"40\" class=\"wpcf7-form-control wpcf7-text wpcf7-email wpcf7-validates-as-required wpcf7-validates-as-email\" aria-required=\"true\" aria-invalid=\"false\" \/><\/span> <\/label><\/p>\n<p><label> Assunto<br \/>\n    <span class=\"wpcf7-form-control-wrap your-subject\"><input type=\"text\" name=\"your-subject\" value=\"\" size=\"40\" class=\"wpcf7-form-control wpcf7-text\" aria-invalid=\"false\" \/><\/span> <\/label><\/p>\n<p><label> A Sua Mensagem<br \/>\n    <span class=\"wpcf7-form-control-wrap your-message\"><input type=\"text\" name=\"your-message\" value=\"\" size=\"40\" class=\"wpcf7-form-control wpcf7-text\" aria-invalid=\"false\" \/><\/span> <\/label><\/p>\n<p><input type=\"submit\" value=\"Enviar\" class=\"wpcf7-form-control wpcf7-submit\" \/><\/p>\n<p style=\"display: none !important;\"><label>&#916;<textarea name=\"_wpcf7_ak_hp_textarea\" cols=\"45\" rows=\"8\" maxlength=\"100\"><\/textarea><\/label><input type=\"hidden\" id=\"ak_js_1\" name=\"_wpcf7_ak_js\" value=\"190\"\/><script>document.getElementById( \"ak_js_1\" ).setAttribute( \"value\", ( new Date() ).getTime() );<\/script><\/p><div class=\"wpcf7-response-output wpcf7-display-none\"><\/div><\/form><\/div><\/div>\n<\/div><!-- .row (end) -->\n","protected":false},"excerpt":{"rendered":"","protected":false},"author":1,"featured_media":0,"parent":0,"menu_order":6,"comment_status":"open","ping_status":"closed","template":"page-fullwidth.php","meta":{"wp_mapbox_gl_js_media":[],"_mi_skip_tracking":false,"_exactmetrics_sitenote_active":false,"_exactmetrics_sitenote_note":"","_exactmetrics_sitenote_category":0,"ngg_post_thumbnail":0,"footnotes":""},"_links":{"self":[{"href":"https:\/\/dojute.pt\/web\/wp-json\/wp\/v2\/pages\/14"}],"collection":[{"href":"https:\/\/dojute.pt\/web\/wp-json\/wp\/v2\/pages"}],"about":[{"href":"https:\/\/dojute.pt\/web\/wp-json\/wp\/v2\/types\/page"}],"author":[{"embeddable":true,"href":"https:\/\/dojute.pt\/web\/wp-json\/wp\/v2\/users\/1"}],"replies":[{"embeddable":true,"href":"https:\/\/dojute.pt\/web\/wp-json\/wp\/v2\/comments?post=14"}],"version-history":[{"count":14,"href":"https:\/\/dojute.pt\/web\/wp-json\/wp\/v2\/pages\/14\/revisions"}],"predecessor-version":[{"id":2160,"href":"https:\/\/dojute.pt\/web\/wp-json\/wp\/v2\/pages\/14\/revisions\/2160"}],"wp:attachment":[{"href":"https:\/\/dojute.pt\/web\/wp-json\/wp\/v2\/media?parent=14"}],"curies":[{"name":"wp","href":"https:\/\/api.w.org\/{rel}","templated":true}]}}