{"id":203,"date":"2011-09-14T09:45:02","date_gmt":"2011-09-14T09:45:02","guid":{"rendered":"https:\/\/dojute.pt\/web\/"},"modified":"2023-09-22T16:47:55","modified_gmt":"2023-09-22T16:47:55","slug":"dojute","status":"publish","type":"page","link":"https:\/\/dojute.pt\/web\/","title":{"rendered":"In\u00edcio"},"content":{"rendered":"<div class=\"mp-row-fluid motopress-row mpce-dsbl-margin-left mpce-dsbl-margin-right\">\n<div class=\"motopress-clmn mp-span12  mpce-dsbl-margin-left mpce-dsbl-margin-right\">\n<div class=\"mp-row-fluid motopress-row mpce-dsbl-margin-left mpce-dsbl-margin-right\">\n<div class=\"motopress-clmn mp-span12 mpce-dsbl-margin-left mpce-dsbl-margin-right\">\n<div class=\"motopress-text-obj\">\n<h2 style=\"text-align: left;\">sERVI&Ccedil;OS&nbsp;<\/h2>\n<\/div>\n<\/div>\n<\/div>\n<\/div>\n<\/div>\n<div class=\"mp-row-fluid motopress-row mpce-dsbl-margin-left mpce-dsbl-margin-right\">\n<div class=\"motopress-clmn mp-span3  mpce-dsbl-margin-left mpce-dsbl-margin-right\">\n<div class=\"mp-row-fluid motopress-row mpce-dsbl-margin-left mpce-dsbl-margin-right\">\n<div class=\"motopress-clmn mp-span12 mpce-dsbl-margin-left mpce-dsbl-margin-right\">\n<div class=\"motopress-text-obj\">\n<h2 style=\"text-align: center;\"><span style=\"font-size: 18px;\">OR&Ccedil;AMENTA&Ccedil;&Atilde;O&nbsp;<\/span><\/h2>\n<p>&nbsp;<\/p>\n<\/div>\n<\/div>\n<\/div>\n<div class=\"mp-row-fluid motopress-row mpce-dsbl-margin-left mpce-dsbl-margin-right\">\n<div class=\"motopress-clmn mp-span12 mpce-dsbl-margin-left mpce-dsbl-margin-right\">\n<div class=\"motopress-image-obj motopress-text-align-left\"><img src=\"https:\/\/dojute.pt\/web\/wp-content\/uploads\/2012\/06\/1.jpg\" title=\"1\" alt=\"1\" class=\"motopress-image-obj-basic mpce-dsbl-margin-left mpce-dsbl-margin-right mpce-dsbl-margin-top mpce-dsbl-margin-bottom\" \/><\/div>\n<\/div>\n<\/div>\n<div class=\"mp-row-fluid motopress-row mpce-dsbl-margin-left mpce-dsbl-margin-right\">\n<div class=\"motopress-clmn mp-span12 mpce-dsbl-margin-left mpce-dsbl-margin-right\">\n<div class=\"motopress-text-obj\">\n<p>Realizamos or&ccedil;amentos em todas as artes: Pedreiro, trolha, carpintaria, pichileiria, eletricista entre outros.&nbsp;<\/p>\n<\/div>\n<\/div>\n<\/div>\n<div class=\"mp-row-fluid motopress-row mpce-dsbl-margin-left mpce-dsbl-margin-right\">\n<div class=\"motopress-clmn mp-span12 mpce-dsbl-margin-left mpce-dsbl-margin-right\">\n<div class=\"motopress-text-obj\">\n<h2>&nbsp;<\/h2>\n<\/div>\n<\/div>\n<\/div>\n<\/div>\n<div class=\"motopress-clmn mp-span3  mpce-dsbl-margin-left mpce-dsbl-margin-right\">\n<div class=\"mp-row-fluid motopress-row mpce-dsbl-margin-left mpce-dsbl-margin-right\">\n<div class=\"motopress-clmn mp-span12 mpce-dsbl-margin-left mpce-dsbl-margin-right\">\n<div class=\"motopress-text-obj\">\n<h2 style=\"text-align: center;\"><span style=\"font-size: 18px;\">Constru&ccedil;&atilde;o<\/span><span style=\"font-size: 18px;\">&nbsp;<\/span><\/h2>\n<\/div>\n<\/div>\n<\/div>\n<div class=\"mp-row-fluid motopress-row mpce-dsbl-margin-left mpce-dsbl-margin-right\">\n<div class=\"motopress-clmn mp-span12 mpce-dsbl-margin-left mpce-dsbl-margin-right\">\n<div class=\"motopress-image-obj motopress-text-align-left\"><img src=\"https:\/\/dojute.pt\/web\/wp-content\/uploads\/2019\/01\/C2.jpg\" title=\"Moradia em fase inicial\" alt=\"Moradia em fase inicial\" class=\"motopress-image-obj-basic mpce-dsbl-margin-left mpce-dsbl-margin-right mpce-dsbl-margin-top mpce-dsbl-margin-bottom\" \/><\/div>\n<\/div>\n<\/div>\n<div class=\"mp-row-fluid motopress-row mpce-dsbl-margin-left mpce-dsbl-margin-right\">\n<div class=\"motopress-clmn mp-span12 mpce-dsbl-margin-left mpce-dsbl-margin-right\">\n<div class=\"motopress-text-obj\">\n<p>Realizamos a constru&ccedil;&atilde;o de todo o tipo de edif&iacute;cios. Se tem um projeto pronto a construir, basta contactar-nos, temos o servi&ccedil;o de chave na m&atilde;o. Desta forma n&atilde;o precisa de se preocupar com nada. N&oacute;s tratamos de tudo!&nbsp;<\/p>\n<\/div>\n<\/div>\n<\/div>\n<\/div>\n<div class=\"motopress-clmn mp-span3  mpce-dsbl-margin-left mpce-dsbl-margin-right\">\n<div class=\"mp-row-fluid motopress-row mpce-dsbl-margin-left mpce-dsbl-margin-right\">\n<div class=\"motopress-clmn mp-span12 mpce-dsbl-margin-left mpce-dsbl-margin-right\">\n<div class=\"motopress-text-obj\">\n<h2 style=\"text-align: center;\"><span style=\"font-size: 18px;\">Reabilita&ccedil;&atilde;o<\/span>&nbsp;<\/h2>\n<\/div>\n<\/div>\n<\/div>\n<div class=\"mp-row-fluid motopress-row mpce-dsbl-margin-left mpce-dsbl-margin-right\">\n<div class=\"motopress-clmn mp-span12 mpce-dsbl-margin-left mpce-dsbl-margin-right\">\n<div class=\"motopress-image-obj motopress-text-align-left\"><img src=\"https:\/\/dojute.pt\/web\/wp-content\/uploads\/2019\/01\/RAFIN3.jpg\" title=\"Reabilita\u00e7\u00e3o de Moradia - Depois\" alt=\"Reabilita\u00e7\u00e3o de Moradia - Depois\" class=\"motopress-image-obj-basic mpce-dsbl-margin-left mpce-dsbl-margin-right mpce-dsbl-margin-top mpce-dsbl-margin-bottom\" \/><\/div>\n<\/div>\n<\/div>\n<div class=\"mp-row-fluid motopress-row mpce-dsbl-margin-left mpce-dsbl-margin-right\">\n<div class=\"motopress-clmn mp-span12 mpce-dsbl-margin-left mpce-dsbl-margin-right\">\n<div class=\"motopress-text-obj\">\n<p>Realizamos todo o tipo de reabilita&ccedil;&atilde;o, quer em moradias, espa&ccedil;os comerciais ou outros.&nbsp;<\/p>\n<p>Realizamos todo o tipo de reformas.&nbsp;<\/p>\n<\/div>\n<\/div>\n<\/div>\n<\/div>\n<div class=\"motopress-clmn mp-span3  mpce-dsbl-margin-left mpce-dsbl-margin-right\">\n<div class=\"mp-row-fluid motopress-row mpce-dsbl-margin-left mpce-dsbl-margin-right\">\n<div class=\"motopress-clmn mp-span12 mpce-dsbl-margin-left mpce-dsbl-margin-right\">\n<div class=\"motopress-text-obj\">\n<h2 style=\"text-align: center;\"><span style=\"font-size: 18px;\">projetos<\/span><\/h2>\n<\/div>\n<\/div>\n<\/div>\n<div class=\"mp-row-fluid motopress-row mpce-dsbl-margin-left mpce-dsbl-margin-right\">\n<div class=\"motopress-clmn mp-span12 mpce-dsbl-margin-left mpce-dsbl-margin-right\">\n<div class=\"motopress-image-obj motopress-text-align-left\"><img src=\"https:\/\/dojute.pt\/web\/wp-content\/uploads\/2023\/09\/Projetos.jpg\" title=\"Projetos\" alt=\"Projetos\" class=\"motopress-image-obj-basic mpce-dsbl-margin-left mpce-dsbl-margin-right mpce-dsbl-margin-top mpce-dsbl-margin-bottom\" \/><\/div>\n<\/div>\n<\/div>\n<div class=\"mp-row-fluid motopress-row mpce-dsbl-margin-left mpce-dsbl-margin-right\">\n<div class=\"motopress-clmn mp-span12 mpce-dsbl-margin-left mpce-dsbl-margin-right\">\n<div class=\"motopress-text-obj\">\n<\/div>\n<\/div>\n<\/div>\n<div class=\"mp-row-fluid motopress-row mpce-dsbl-margin-left mpce-dsbl-margin-right\">\n<div class=\"motopress-clmn mp-span12 mpce-dsbl-margin-left mpce-dsbl-margin-right\">\n<div class=\"motopress-text-obj\">\n<p>Dispomos de tecnicos especializados em arquitetura e engenharia.&nbsp;<\/p>\n<p>Realizamos projetos de arquitetura e especialidades.&nbsp;<\/p>\n<\/div>\n<\/div>\n<\/div>\n<\/div>\n<\/div>\n<div class=\"mp-row-fluid motopress-row mpce-dsbl-margin-left mpce-dsbl-margin-right\">\n<div class=\"motopress-clmn mp-span12  mpce-dsbl-margin-left mpce-dsbl-margin-right\">\n<div class=\"mp-row-fluid motopress-row mpce-dsbl-margin-left mpce-dsbl-margin-right\">\n<div class=\"motopress-clmn mp-span12 mpce-dsbl-margin-left mpce-dsbl-margin-right\">\n<div class=\"motopress-posts_slider-obj mp-flexslider-obj flexslider\" data-post-type=\"post\"><div class=\"motopress-flexslider\" data-atts=\"{&quot;animation&quot;:&quot;fade&quot;,&quot;animationLoop&quot;:true,&quot;smoothHeight&quot;:false,&quot;slideshow&quot;:true,&quot;slideshowSpeed&quot;:15000,&quot;maxItems&quot;:&quot;3&quot;,&quot;showNav&quot;:true,&quot;pauseOnHover&quot;:true,&quot;prevText&quot;:&quot;&quot;,&quot;nextText&quot;:&quot;&quot;}\"><div class=\"viewport\" style=\"overflow: hidden;\"><ul class=\"slides\"><li><a class=\"motopress-slide-link\" href=\"https:\/\/dojute.pt\/web\/construcao\/nova-obra-a-comecar\/\"><h2>Nova obra a come\u00e7ar!<\/h2><div class=\"layout-text-wrap mp-ce-align-left\"><div class=\"motopress-ps-description\">J\u00e1 come\u00e7aram as escava\u00e7\u00f5es de uma nova obra realizada pela Dojute Constru\u00e7\u00f5es. Trata-se de uma moradia isolada no Concelho de Santa Maria da Feira.                                               ...<\/div><\/div><\/a><\/li><li><a class=\"motopress-slide-link\" href=\"https:\/\/dojute.pt\/web\/construcao\/novas-moradias-em-milheiros-de-poiares\/\"><h2>Novas Moradias em Milheir\u00f3s de Poiares<\/h2><div class=\"layout-text-wrap mp-ce-align-left\"><div class=\"motopress-ps-description\">Em breve ir\u00e3o nascer em Milheir\u00f3s de Poiares, duas novas moradias em banda.  Com acabamentos de alta qualidade, como a Dojute j\u00e1 nos habituou. Teremos em breve estas duas moradias. \n\n\n\nS\u00e3o moradia...<\/div><\/div><\/a><\/li><li><a class=\"motopress-slide-link\" href=\"https:\/\/dojute.pt\/web\/construcao\/clinica-de-hemodialise-com-assinatura-dojute\/\"><h2>Cl\u00ednica de Hemodi\u00e1lise com assinatura Dojute!<\/h2><div class=\"layout-text-wrap mp-ce-align-left\"><div class=\"motopress-ps-description\"><img src=\"https:\/\/dojute.pt\/web\/wp-content\/uploads\/2021\/06\/clinicadojute-150x150.jpg\" alt=\"clinica de hemodil\u00e1lise\">Quem acompanha o nosso Facebook teve oportunidade de acompanhar o desenvolvimento da Cl\u00ednica de Hemodi\u00e1lise que tornamos realidade em S\u00e3o Jo\u00e3o da Madeira.\n\n\n\n\u00c9 um grande projeto com 2500 m2 e que...<\/div><\/div><\/a><\/li><\/ul><\/div><\/div><\/div>\n<\/div>\n<\/div>\n<div class=\"mp-row-fluid motopress-row mpce-dsbl-margin-left mpce-dsbl-margin-right\">\n<div class=\"motopress-clmn mp-span12 mpce-dsbl-margin-left mpce-dsbl-margin-right\">\n<div class=\"motopress-image-obj motopress-text-align-left\"><img src=\"https:\/\/dojute.pt\/web\/wp-content\/uploads\/2023\/09\/08-20230615-V4-1.png\" title=\"08-20230615-V4-1\" alt=\"08-20230615-V4-1\" class=\"motopress-image-obj-basic mpce-dsbl-margin-left mpce-dsbl-margin-right mpce-dsbl-margin-top mpce-dsbl-margin-bottom\" \/><\/div>\n<\/div>\n<\/div>\n<\/div>\n<\/div>\n<div class=\"mp-row-fluid motopress-row mpce-dsbl-margin-left mpce-dsbl-margin-right\">\n<div class=\"motopress-clmn mp-span12  mpce-dsbl-margin-left mpce-dsbl-margin-right\">\n<div class=\"mp-row-fluid motopress-row mpce-dsbl-margin-left mpce-dsbl-margin-right\">\n<div class=\"motopress-clmn mp-span4 mpce-dsbl-margin-left mpce-dsbl-margin-right\">\n<div class=\"motopress-text-obj\">\n<h2 style=\"text-align: center;\"><span style=\"font-size: 30px;\">porque n&ograve;s?&nbsp;<\/span><\/h2>\n<\/div>\n<\/div>\n<div class=\"motopress-clmn mp-span4 mpce-dsbl-margin-left mpce-dsbl-margin-right\">\n<div class=\"motopress-text-obj\">\n<h2 style=\"text-align: center;\"><span style=\"font-size: 30px;\">&nbsp;dojute<\/span><\/h2>\n<\/div>\n<\/div>\n<div class=\"motopress-clmn mp-span4 mpce-dsbl-margin-left mpce-dsbl-margin-right\">\n<div class=\"motopress-text-obj\">\n<h2 style=\"text-align: center;\"><span style=\"font-size: 30px;\">&nbsp;projetos<\/span><\/h2>\n<\/div>\n<\/div>\n<\/div>\n<\/div>\n<\/div>\n<div class=\"mp-row-fluid motopress-row mpce-dsbl-margin-left mpce-dsbl-margin-right\">\n<div class=\"motopress-clmn mp-span4  mpce-dsbl-margin-left mpce-dsbl-margin-right\">\n<div class=\"motopress-text-obj\">\n<p>A Dojute Constru&ccedil;&otilde;es, disp&otilde;e de quadros superiores nas &aacute;reas de engenharia e arquitetura para a exeu&ccedil;&atilde;o de projetos ao estilo tradicional ou contempor&acirc;neo, que permitem a concep&ccedil;&atilde;o de uma moradia desde a sua g&eacute;nese at&eacute; ao produto final.<\/p>\n<\/div>\n<\/div>\n<div class=\"motopress-clmn mp-span4  mpce-dsbl-margin-left mpce-dsbl-margin-right\">\n<div class=\"motopress-text-obj\">\n<p>Domingos Teixeira, experiente empres&aacute;rio do ramo da constru&ccedil;&atilde;o, iniciou atividade em 1997 em nome individual. E fundou posteriormente a \"DOJUTE Constru&ccedil;&atilde;o, Decora&ccedil;&atilde;o e Imobili&aacute;ria Unupessoal Lda\" como resposta &agrave; necessidade de expans&atilde;o das &aacute;reas de neg&oacute;cio.&nbsp;<\/p>\n<\/div>\n<\/div>\n<div class=\"motopress-clmn mp-span4  mpce-dsbl-margin-left mpce-dsbl-margin-right\">\n<div class=\"motopress-text-obj\">\n<p>A solu&ccedil;&atilde;o chave, o sonho de ter uma casa com a melhor qualidade que o mercado pode oferecer.&nbsp;<\/p>\n<\/div>\n<\/div>\n<\/div>\n","protected":false},"excerpt":{"rendered":"Quem acompanha o nosso Facebook teve oportunidade de acompanhar o desenvolvimento da Cl\u00ednica de Hemodi\u00e1lise que tornamos realidade em S\u00e3o Jo\u00e3o da Madeira. \u00c9 um grande projeto com 2500 m2 e que passamos a apresentar em imagens. Deixamos aqui tamb\u00e9m um v\u00eddeo com a cl\u00ednica ainda em processo de acabamento. E agora com algumas imagens do interior.","protected":false},"author":1,"featured_media":0,"parent":0,"menu_order":0,"comment_status":"open","ping_status":"closed","template":"page-home.php","meta":{"wp_mapbox_gl_js_media":[],"_mi_skip_tracking":false,"_exactmetrics_sitenote_active":false,"_exactmetrics_sitenote_note":"","_exactmetrics_sitenote_category":0,"ngg_post_thumbnail":0,"footnotes":""},"_links":{"self":[{"href":"https:\/\/dojute.pt\/web\/wp-json\/wp\/v2\/pages\/203"}],"collection":[{"href":"https:\/\/dojute.pt\/web\/wp-json\/wp\/v2\/pages"}],"about":[{"href":"https:\/\/dojute.pt\/web\/wp-json\/wp\/v2\/types\/page"}],"author":[{"embeddable":true,"href":"https:\/\/dojute.pt\/web\/wp-json\/wp\/v2\/users\/1"}],"replies":[{"embeddable":true,"href":"https:\/\/dojute.pt\/web\/wp-json\/wp\/v2\/comments?post=203"}],"version-history":[{"count":54,"href":"https:\/\/dojute.pt\/web\/wp-json\/wp\/v2\/pages\/203\/revisions"}],"predecessor-version":[{"id":2588,"href":"https:\/\/dojute.pt\/web\/wp-json\/wp\/v2\/pages\/203\/revisions\/2588"}],"wp:attachment":[{"href":"https:\/\/dojute.pt\/web\/wp-json\/wp\/v2\/media?parent=203"}],"curies":[{"name":"wp","href":"https:\/\/api.w.org\/{rel}","templated":true}]}}